{"id":1106,"date":"2025-06-26T17:25:48","date_gmt":"2025-06-26T15:25:48","guid":{"rendered":"https:\/\/femendo.eu\/?post_type=product&#038;p=1106"},"modified":"2026-04-19T00:04:03","modified_gmt":"2026-04-18T22:04:03","slug":"skryte-luny","status":"publish","type":"product","link":"https:\/\/femendo.eu\/?product=skryte-luny","title":{"rendered":"SKRYT\u00c9 LUNY"},"content":{"rendered":"<p><strong>Pr\u00edbehy \u017eien, ktor\u00e9 sa rozhodli prelomi\u0165 ml\u010danie<br \/>\n<\/strong>Kniha Skryt\u00e9 luny prin\u00e1\u0161a autentick\u00e9 pr\u00edbehy \u017eien, ktor\u00e9 sa rozhodli otvorene hovori\u0165 o svojom \u017eivote s endometri\u00f3zou. Je to podpora, in\u0161pir\u00e1cia a zdroj inform\u00e1ci\u00ed pre ka\u017ed\u00fa \u017eenu, ktor\u00e1 h\u013ead\u00e1 odpovede a porozumenie.<\/p>\n<p>&nbsp;<\/p>\n","protected":false},"excerpt":{"rendered":"<div class=\"mena-na-stred\" style=\"padding-top: 20px;\">[woocs sd=1]<\/div>\n<p style=\"margin-top: -20px;\"><strong><br \/>\nPr\u00edbehy \u017eien, ktor\u00e9 sa rozhodli prelomi\u0165 ml\u010danie<br \/>\n<\/strong>Autentick\u00e1 zbierka 22 autentick\u00fdch pr\u00edbehov \u017eien zo Slovenska a \u010ceska, ktor\u00e9 otvorene prehovorili o svojom \u017eivote s endometri\u00f3zou. Kniha, ktor\u00e1 prelomila ml\u010danie a prin\u00e1\u0161a n\u00e1dej, pochopenie a silu.<br \/>\nT\u00e1to kniha nie je medic\u00ednskou pr\u00edru\u010dkou.<br data-start=\"678\" data-end=\"681\" \/>Je to int\u00edmna mozaika \u017eivotov \u017eien s endometri\u00f3zou \u2013 od prv\u00fdch pr\u00edznakov, cez roky h\u013eadania diagn\u00f3zy, oper\u00e1cie, neplodnos\u0165, frustr\u00e1ciu, a\u017e po momenty n\u00e1deje, zmierenia a nov\u00e9ho za\u010diatku.<\/p>\n<p><strong data-start=\"1181\" data-end=\"1196\">Skryt\u00e9 luny<\/strong> s\u00fa manifestom odvahy, \u017eensk\u00e9ho hlasu a spolupatri\u010dnosti. Kniha, ktor\u00e1 vznikla zo srdca \u2013 a ktor\u00e1 m\u00e1 moc otvori\u0165 aj to va\u0161e.<br \/>\n\ud83c\udf97\ufe0f<em> K\u00fapou podpor\u00edte \u010fal\u0161ie osvetov\u00e9 aktivity na t\u00e9mu endometri\u00f3zy<\/em><\/p>\n","protected":false},"featured_media":1124,"comment_status":"open","ping_status":"closed","template":"","meta":{"_monsterinsights_skip_tracking":false,"_monsterinsights_sitenote_active":false,"_monsterinsights_sitenote_note":"","_monsterinsights_sitenote_category":0,"site-sidebar-layout":"default","site-content-layout":"","ast-site-content-layout":"default","site-content-style":"default","site-sidebar-style":"default","ast-global-header-display":"","ast-banner-title-visibility":"","ast-main-header-display":"","ast-hfb-above-header-display":"","ast-hfb-below-header-display":"","ast-hfb-mobile-header-display":"","site-post-title":"","ast-breadcrumbs-content":"","ast-featured-img":"","footer-sml-layout":"","theme-transparent-header-meta":"default","adv-header-id-meta":"","stick-header-meta":"","header-above-stick-meta":"","header-main-stick-meta":"","header-below-stick-meta":"","astra-migrate-meta-layouts":"set","ast-page-background-enabled":"default","ast-page-background-meta":{"desktop":{"background-color":"var(--ast-global-color-4)","background-image":"","background-repeat":"repeat","background-position":"center center","background-size":"auto","background-attachment":"scroll","background-type":"","background-media":"","overlay-type":"","overlay-color":"","overlay-opacity":"","overlay-gradient":""},"tablet":{"background-color":"","background-image":"","background-repeat":"repeat","background-position":"center center","background-size":"auto","background-attachment":"scroll","background-type":"","background-media":"","overlay-type":"","overlay-color":"","overlay-opacity":"","overlay-gradient":""},"mobile":{"background-color":"","background-image":"","background-repeat":"repeat","background-position":"center center","background-size":"auto","background-attachment":"scroll","background-type":"","background-media":"","overlay-type":"","overlay-color":"","overlay-opacity":"","overlay-gradient":""}},"ast-content-background-meta":{"desktop":{"background-color":"var(--ast-global-color-5)","background-image":"","background-repeat":"repeat","background-position":"center center","background-size":"auto","background-attachment":"scroll","background-type":"","background-media":"","overlay-type":"","overlay-color":"","overlay-opacity":"","overlay-gradient":""},"tablet":{"background-color":"var(--ast-global-color-5)","background-image":"","background-repeat":"repeat","background-position":"center center","background-size":"auto","background-attachment":"scroll","background-type":"","background-media":"","overlay-type":"","overlay-color":"","overlay-opacity":"","overlay-gradient":""},"mobile":{"background-color":"var(--ast-global-color-5)","background-image":"","background-repeat":"repeat","background-position":"center center","background-size":"auto","background-attachment":"scroll","background-type":"","background-media":"","overlay-type":"","overlay-color":"","overlay-opacity":"","overlay-gradient":""}}},"product_brand":[],"product_cat":[23],"product_tag":[],"class_list":{"0":"post-1106","1":"product","2":"type-product","3":"status-publish","4":"has-post-thumbnail","6":"product_cat-knihy","7":"desktop-align-left","8":"tablet-align-left","9":"mobile-align-left","11":"first","12":"instock","13":"taxable","14":"shipping-taxable","15":"purchasable","16":"product-type-simple"},"yoast_head":"<!-- This site is optimized with the Yoast SEO plugin v25.4 - https:\/\/yoast.com\/wordpress\/plugins\/seo\/ -->\n<title>SKRYT\u00c9 LUNY -<\/title>\n<meta name=\"robots\" content=\"index, follow, max-snippet:-1, max-image-preview:large, max-video-preview:-1\" \/>\n<link rel=\"canonical\" href=\"https:\/\/femendo.eu\/?product=skryte-luny\" \/>\n<meta property=\"og:locale\" content=\"sk_SK\" \/>\n<meta property=\"og:type\" content=\"article\" \/>\n<meta property=\"og:title\" content=\"SKRYT\u00c9 LUNY -\" \/>\n<meta property=\"og:description\" content=\"Pr\u00edbehy \u017eien, ktor\u00e9 sa rozhodli prelomi\u0165 ml\u010danie Autentick\u00e1 zbierka 22 autentick\u00fdch pr\u00edbehov \u017eien zo Slovenska a \u010ceska, ktor\u00e9 otvorene prehovorili o svojom \u017eivote s endometri\u00f3zou. Kniha, ktor\u00e1 prelomila ml\u010danie a prin\u00e1\u0161a n\u00e1dej, pochopenie a silu. T\u00e1to kniha nie je medic\u00ednskou pr\u00edru\u010dkou.Je to int\u00edmna mozaika \u017eivotov \u017eien s endometri\u00f3zou \u2013 od prv\u00fdch pr\u00edznakov, cez roky h\u013eadania diagn\u00f3zy, oper\u00e1cie, neplodnos\u0165, frustr\u00e1ciu, a\u017e po momenty n\u00e1deje, zmierenia a nov\u00e9ho za\u010diatku. Skryt\u00e9 luny s\u00fa manifestom odvahy, \u017eensk\u00e9ho hlasu a spolupatri\u010dnosti. Kniha, ktor\u00e1 vznikla zo srdca \u2013 a ktor\u00e1 m\u00e1 moc otvori\u0165 aj to va\u0161e. \ud83c\udf97\ufe0f K\u00fapou podpor\u00edte \u010fal\u0161ie osvetov\u00e9 aktivity na t\u00e9mu endometri\u00f3zy\" \/>\n<meta property=\"og:url\" content=\"https:\/\/femendo.eu\/?product=skryte-luny\" \/>\n<meta property=\"article:modified_time\" content=\"2026-04-18T22:04:03+00:00\" \/>\n<meta property=\"og:image\" content=\"https:\/\/femendo.eu\/wp-content\/uploads\/2025\/06\/book-800.jpg\" \/>\n\t<meta property=\"og:image:width\" content=\"800\" \/>\n\t<meta property=\"og:image:height\" content=\"1067\" \/>\n\t<meta property=\"og:image:type\" content=\"image\/jpeg\" \/>\n<meta name=\"twitter:card\" content=\"summary_large_image\" \/>\n<meta name=\"twitter:label1\" content=\"Predpokladan\u00fd \u010das \u010d\u00edtania\" \/>\n\t<meta name=\"twitter:data1\" content=\"1 min\u00fata\" \/>\n<script type=\"application\/ld+json\" class=\"yoast-schema-graph\">{\"@context\":\"https:\/\/schema.org\",\"@graph\":[{\"@type\":\"WebPage\",\"@id\":\"https:\/\/femendo.eu\/?product=skryte-luny\",\"url\":\"https:\/\/femendo.eu\/?product=skryte-luny\",\"name\":\"SKRYT\u00c9 LUNY -\",\"isPartOf\":{\"@id\":\"https:\/\/femendo.eu\/#website\"},\"primaryImageOfPage\":{\"@id\":\"https:\/\/femendo.eu\/?product=skryte-luny#primaryimage\"},\"image\":{\"@id\":\"https:\/\/femendo.eu\/?product=skryte-luny#primaryimage\"},\"thumbnailUrl\":\"https:\/\/femendo.eu\/wp-content\/uploads\/2025\/06\/book-800.jpg\",\"datePublished\":\"2025-06-26T15:25:48+00:00\",\"dateModified\":\"2026-04-18T22:04:03+00:00\",\"breadcrumb\":{\"@id\":\"https:\/\/femendo.eu\/?product=skryte-luny#breadcrumb\"},\"inLanguage\":\"sk-SK\",\"potentialAction\":[{\"@type\":\"ReadAction\",\"target\":[\"https:\/\/femendo.eu\/?product=skryte-luny\"]}]},{\"@type\":\"ImageObject\",\"inLanguage\":\"sk-SK\",\"@id\":\"https:\/\/femendo.eu\/?product=skryte-luny#primaryimage\",\"url\":\"https:\/\/femendo.eu\/wp-content\/uploads\/2025\/06\/book-800.jpg\",\"contentUrl\":\"https:\/\/femendo.eu\/wp-content\/uploads\/2025\/06\/book-800.jpg\",\"width\":800,\"height\":1067},{\"@type\":\"BreadcrumbList\",\"@id\":\"https:\/\/femendo.eu\/?product=skryte-luny#breadcrumb\",\"itemListElement\":[{\"@type\":\"ListItem\",\"position\":1,\"name\":\"Home\",\"item\":\"https:\/\/femendo.eu\/\"},{\"@type\":\"ListItem\",\"position\":2,\"name\":\"Produkty\",\"item\":\"https:\/\/femendo.eu\/?post_type=product\"},{\"@type\":\"ListItem\",\"position\":3,\"name\":\"SKRYT\u00c9 LUNY\"}]},{\"@type\":\"WebSite\",\"@id\":\"https:\/\/femendo.eu\/#website\",\"url\":\"https:\/\/femendo.eu\/\",\"name\":\"\",\"description\":\"\",\"potentialAction\":[{\"@type\":\"SearchAction\",\"target\":{\"@type\":\"EntryPoint\",\"urlTemplate\":\"https:\/\/femendo.eu\/?s={search_term_string}\"},\"query-input\":{\"@type\":\"PropertyValueSpecification\",\"valueRequired\":true,\"valueName\":\"search_term_string\"}}],\"inLanguage\":\"sk-SK\"}]}<\/script>\n<!-- \/ Yoast SEO plugin. -->","yoast_head_json":{"title":"SKRYT\u00c9 LUNY -","robots":{"index":"index","follow":"follow","max-snippet":"max-snippet:-1","max-image-preview":"max-image-preview:large","max-video-preview":"max-video-preview:-1"},"canonical":"https:\/\/femendo.eu\/?product=skryte-luny","og_locale":"sk_SK","og_type":"article","og_title":"SKRYT\u00c9 LUNY -","og_description":"Pr\u00edbehy \u017eien, ktor\u00e9 sa rozhodli prelomi\u0165 ml\u010danie Autentick\u00e1 zbierka 22 autentick\u00fdch pr\u00edbehov \u017eien zo Slovenska a \u010ceska, ktor\u00e9 otvorene prehovorili o svojom \u017eivote s endometri\u00f3zou. Kniha, ktor\u00e1 prelomila ml\u010danie a prin\u00e1\u0161a n\u00e1dej, pochopenie a silu. T\u00e1to kniha nie je medic\u00ednskou pr\u00edru\u010dkou.Je to int\u00edmna mozaika \u017eivotov \u017eien s endometri\u00f3zou \u2013 od prv\u00fdch pr\u00edznakov, cez roky h\u013eadania diagn\u00f3zy, oper\u00e1cie, neplodnos\u0165, frustr\u00e1ciu, a\u017e po momenty n\u00e1deje, zmierenia a nov\u00e9ho za\u010diatku. Skryt\u00e9 luny s\u00fa manifestom odvahy, \u017eensk\u00e9ho hlasu a spolupatri\u010dnosti. Kniha, ktor\u00e1 vznikla zo srdca \u2013 a ktor\u00e1 m\u00e1 moc otvori\u0165 aj to va\u0161e. \ud83c\udf97\ufe0f K\u00fapou podpor\u00edte \u010fal\u0161ie osvetov\u00e9 aktivity na t\u00e9mu endometri\u00f3zy","og_url":"https:\/\/femendo.eu\/?product=skryte-luny","article_modified_time":"2026-04-18T22:04:03+00:00","og_image":[{"width":800,"height":1067,"url":"https:\/\/femendo.eu\/wp-content\/uploads\/2025\/06\/book-800.jpg","type":"image\/jpeg"}],"twitter_card":"summary_large_image","twitter_misc":{"Predpokladan\u00fd \u010das \u010d\u00edtania":"1 min\u00fata"},"schema":{"@context":"https:\/\/schema.org","@graph":[{"@type":"WebPage","@id":"https:\/\/femendo.eu\/?product=skryte-luny","url":"https:\/\/femendo.eu\/?product=skryte-luny","name":"SKRYT\u00c9 LUNY -","isPartOf":{"@id":"https:\/\/femendo.eu\/#website"},"primaryImageOfPage":{"@id":"https:\/\/femendo.eu\/?product=skryte-luny#primaryimage"},"image":{"@id":"https:\/\/femendo.eu\/?product=skryte-luny#primaryimage"},"thumbnailUrl":"https:\/\/femendo.eu\/wp-content\/uploads\/2025\/06\/book-800.jpg","datePublished":"2025-06-26T15:25:48+00:00","dateModified":"2026-04-18T22:04:03+00:00","breadcrumb":{"@id":"https:\/\/femendo.eu\/?product=skryte-luny#breadcrumb"},"inLanguage":"sk-SK","potentialAction":[{"@type":"ReadAction","target":["https:\/\/femendo.eu\/?product=skryte-luny"]}]},{"@type":"ImageObject","inLanguage":"sk-SK","@id":"https:\/\/femendo.eu\/?product=skryte-luny#primaryimage","url":"https:\/\/femendo.eu\/wp-content\/uploads\/2025\/06\/book-800.jpg","contentUrl":"https:\/\/femendo.eu\/wp-content\/uploads\/2025\/06\/book-800.jpg","width":800,"height":1067},{"@type":"BreadcrumbList","@id":"https:\/\/femendo.eu\/?product=skryte-luny#breadcrumb","itemListElement":[{"@type":"ListItem","position":1,"name":"Home","item":"https:\/\/femendo.eu\/"},{"@type":"ListItem","position":2,"name":"Produkty","item":"https:\/\/femendo.eu\/?post_type=product"},{"@type":"ListItem","position":3,"name":"SKRYT\u00c9 LUNY"}]},{"@type":"WebSite","@id":"https:\/\/femendo.eu\/#website","url":"https:\/\/femendo.eu\/","name":"","description":"","potentialAction":[{"@type":"SearchAction","target":{"@type":"EntryPoint","urlTemplate":"https:\/\/femendo.eu\/?s={search_term_string}"},"query-input":{"@type":"PropertyValueSpecification","valueRequired":true,"valueName":"search_term_string"}}],"inLanguage":"sk-SK"}]}},"_links":{"self":[{"href":"https:\/\/femendo.eu\/index.php?rest_route=\/wp\/v2\/product\/1106","targetHints":{"allow":["GET"]}}],"collection":[{"href":"https:\/\/femendo.eu\/index.php?rest_route=\/wp\/v2\/product"}],"about":[{"href":"https:\/\/femendo.eu\/index.php?rest_route=\/wp\/v2\/types\/product"}],"replies":[{"embeddable":true,"href":"https:\/\/femendo.eu\/index.php?rest_route=%2Fwp%2Fv2%2Fcomments&post=1106"}],"version-history":[{"count":7,"href":"https:\/\/femendo.eu\/index.php?rest_route=\/wp\/v2\/product\/1106\/revisions"}],"predecessor-version":[{"id":1266,"href":"https:\/\/femendo.eu\/index.php?rest_route=\/wp\/v2\/product\/1106\/revisions\/1266"}],"wp:featuredmedia":[{"embeddable":true,"href":"https:\/\/femendo.eu\/index.php?rest_route=\/wp\/v2\/media\/1124"}],"wp:attachment":[{"href":"https:\/\/femendo.eu\/index.php?rest_route=%2Fwp%2Fv2%2Fmedia&parent=1106"}],"wp:term":[{"taxonomy":"product_brand","embeddable":true,"href":"https:\/\/femendo.eu\/index.php?rest_route=%2Fwp%2Fv2%2Fproduct_brand&post=1106"},{"taxonomy":"product_cat","embeddable":true,"href":"https:\/\/femendo.eu\/index.php?rest_route=%2Fwp%2Fv2%2Fproduct_cat&post=1106"},{"taxonomy":"product_tag","embeddable":true,"href":"https:\/\/femendo.eu\/index.php?rest_route=%2Fwp%2Fv2%2Fproduct_tag&post=1106"}],"curies":[{"name":"wp","href":"https:\/\/api.w.org\/{rel}","templated":true}]}}